{"id":2,"date":"2018-11-21T17:30:19","date_gmt":"2018-11-21T16:30:19","guid":{"rendered":""},"modified":"2018-12-17T20:23:30","modified_gmt":"2018-12-17T19:23:30","slug":"beispiel-seite","status":"publish","type":"page","link":"http:\/\/www.fotopress-sommer.at\/peso\/","title":{"rendered":"Willkommen auf der neuen Homepage!"},"content":{"rendered":"<p><img loading=\"lazy\" decoding=\"async\" class=\"size-medium wp-image-654 alignright\" src=\"http:\/\/www.fotopress-sommer.at\/peso\/wp-content\/uploads\/2018\/11\/sommer-2-240x300.jpg\" alt=\"\" width=\"240\" height=\"300\" srcset=\"http:\/\/www.fotopress-sommer.at\/peso\/wp-content\/uploads\/2018\/11\/sommer-2-240x300.jpg 240w, http:\/\/www.fotopress-sommer.at\/peso\/wp-content\/uploads\/2018\/11\/sommer-2-768x960.jpg 768w, http:\/\/www.fotopress-sommer.at\/peso\/wp-content\/uploads\/2018\/11\/sommer-2-819x1024.jpg 819w\" sizes=\"auto, (max-width: 240px) 100vw, 240px\" \/><\/p>\n<p style=\"text-align: center;\"><span style=\"font-family: arial, helvetica, sans-serif;\">Nach einigen erfolglosen &#8222;Hackerversuchen&#8220; auf meiner &#8222;alten Homepage&#8220; habe ich nun ein &#8222;Neues Baby&#8220; geschaffen. Unter NEWS oder rechts DAS NEUESTE sind immer meine Aktivit\u00e4ten mit Berichte und bei den letzten Berichten auch gleich darunter angeh\u00e4ngt die Bilder dazu eingestellt. Einfach gew\u00fcnschten Bericht anklicken und los geht&#8217;s. Die Bilder sind in Bl\u00f6cke eingestellt, Block f\u00fcr Block durchsehen! Bei den \u00e4lteren Berichten am Ende auf Veranstaltungen, Sport etc. klicken, dann seid Ihr in der &#8222;alten Galerie&#8220;.&nbsp;<\/span><span style=\"font-family: arial, helvetica, sans-serif;\">Ich w\u00fcnsche Euch viel Spass beim &#8222;Schm\u00f6ckern&#8220; <\/span><\/p>\n<p style=\"text-align: center;\"><span style=\"font-family: arial, helvetica, sans-serif;\">Euer Peter SOMMER&nbsp;<\/span><\/p>\n<p style=\"text-align: center;\"><span style=\"text-decoration: underline;\"><strong>&nbsp;<\/strong><\/span><\/p>\n<p>&nbsp;<\/p>\n","protected":false},"excerpt":{"rendered":"<p>Nach einigen erfolglosen &#8222;Hackerversuchen&#8220; auf meiner &#8222;alten Homepage&#8220; habe ich nun ein &#8222;Neues Baby&#8220; geschaffen. Unter NEWS oder rechts DAS NEUESTE sind immer meine Aktivit\u00e4ten mit Berichte und bei den letzten Berichten auch gleich darunter<\/p>\n","protected":false},"author":1,"featured_media":0,"parent":0,"menu_order":0,"comment_status":"closed","ping_status":"open","template":"","meta":{"ngg_post_thumbnail":0,"footnotes":""},"class_list":["post-2","page","type-page","status-publish","hentry"],"_links":{"self":[{"href":"http:\/\/www.fotopress-sommer.at\/peso\/index.php?rest_route=\/wp\/v2\/pages\/2","targetHints":{"allow":["GET"]}}],"collection":[{"href":"http:\/\/www.fotopress-sommer.at\/peso\/index.php?rest_route=\/wp\/v2\/pages"}],"about":[{"href":"http:\/\/www.fotopress-sommer.at\/peso\/index.php?rest_route=\/wp\/v2\/types\/page"}],"author":[{"embeddable":true,"href":"http:\/\/www.fotopress-sommer.at\/peso\/index.php?rest_route=\/wp\/v2\/users\/1"}],"replies":[{"embeddable":true,"href":"http:\/\/www.fotopress-sommer.at\/peso\/index.php?rest_route=%2Fwp%2Fv2%2Fcomments&post=2"}],"version-history":[{"count":22,"href":"http:\/\/www.fotopress-sommer.at\/peso\/index.php?rest_route=\/wp\/v2\/pages\/2\/revisions"}],"predecessor-version":[{"id":2265,"href":"http:\/\/www.fotopress-sommer.at\/peso\/index.php?rest_route=\/wp\/v2\/pages\/2\/revisions\/2265"}],"wp:attachment":[{"href":"http:\/\/www.fotopress-sommer.at\/peso\/index.php?rest_route=%2Fwp%2Fv2%2Fmedia&parent=2"}],"curies":[{"name":"wp","href":"https:\/\/api.w.org\/{rel}","templated":true}]}}